{"id":1350,"date":"2025-09-04T03:03:52","date_gmt":"2025-09-04T03:03:52","guid":{"rendered":"https:\/\/phmaskinfabrik.dk\/?page_id=1350"},"modified":"2025-09-06T02:52:04","modified_gmt":"2025-09-06T02:52:04","slug":"1350-2","status":"publish","type":"page","link":"https:\/\/phmaskinfabrik.dk\/?page_id=1350","title":{"rendered":"A-sensor"},"content":{"rendered":"<p><div class=\"fusion-fullwidth fullwidth-box nonhundred-percent-fullwidth non-hundred-percent-height-scrolling\"  style='background-color: #ebeced;background-position: center center;background-repeat: no-repeat;padding-top:0px;padding-right:0px;padding-bottom:0px;padding-left:0px;border-top-width:0px;border-bottom-width:0px;border-color:rgba(255,255,255,0);border-top-style:solid;border-bottom-style:solid;'><div class=\"fusion-builder-row fusion-row \"><div  class=\"fusion-layout-column fusion_builder_column fusion_builder_column_1_1 fusion-builder-column-1 fusion-one-full fusion-column-first fusion-column-last 1_1\"  style='margin-top:50px;margin-bottom:0px;'>\n\t\t\t\t\t<div class=\"fusion-column-wrapper\" style=\"padding: 0px 0px 0px 0px;background-position:left top;background-repeat:no-repeat;-webkit-background-size:cover;-moz-background-size:cover;-o-background-size:cover;background-size:cover;\"   data-bg-url=\"\">\n\t\t\t\t\t\t<div class=\"fusion-sep-clear\"><\/div><div class=\"fusion-separator sep-single sep-solid\" style=\"border-color:#ffffff;border-top-width:1px;margin-left: auto;margin-right: auto;margin-top:0px;margin-bottom:50px;width:100%;max-width:130px;\"><\/div><div class=\"fusion-text\"><h4 style=\"text-align: center;\"><span style=\"color: #06428c;\">A-sensor<\/span><\/h4>\n<\/div><div class=\"fusion-clearfix\"><\/div>\n\n\t\t\t\t\t<\/div>\n\t\t\t\t<\/div><div  class=\"fusion-layout-column fusion_builder_column fusion_builder_column_1_2 fusion-builder-column-2 fusion-one-half fusion-column-first 1_2\"  style='margin-top:0px;margin-bottom:0px;width:48%; margin-right: 4%;'>\n\t\t\t\t\t<div class=\"fusion-column-wrapper\" style=\"padding: 0px 2% 0px 2%;background-position:left top;background-repeat:no-repeat;-webkit-background-size:cover;-moz-background-size:cover;-o-background-size:cover;background-size:cover;\"   data-bg-url=\"\">\n\t\t\t\t\t\t<div class=\"fusion-text\"><p>Ved et lavt br\u00e6ndstofforbrug op til 250 liter\/time giver denne sensor en h\u00f8j ydelse\u00a0med en konkurrencedygtig pris. Den er let at montere og kan dele vedligeholdelsesperioder med det \u00f8vrige udstyr, og den reducerer effektivt ejerens omkostninger.<\/p>\n<p>Tekniske specifikationer.<\/p>\n<table border=\"0\">\n<tbody>\n<tr>\n<td>Max. br\u00e6ndstofforbrug<\/td>\n<td><\/td>\n<td>250 liter\/time<\/td>\n<\/tr>\n<tr>\n<td>Tryktest<\/td>\n<td><\/td>\n<td>25 bar<\/td>\n<\/tr>\n<tr>\n<td>Trykfald ved max. flow<\/td>\n<td><\/td>\n<td>0,17 bar<\/td>\n<\/tr>\n<tr>\n<td>Max. temperatur<\/td>\n<td><\/td>\n<td>150<sup>\u00b0<\/sup>C<\/td>\n<\/tr>\n<tr>\n<td>M\u00e5lesystem<\/td>\n<td><\/td>\n<td>Ovalhjuls system<\/td>\n<\/tr>\n<tr>\n<td>Montering<\/td>\n<td><\/td>\n<td>3\/8 r\u00f8r gevind<\/td>\n<\/tr>\n<tr>\n<td>By-pass ventil<\/td>\n<td><\/td>\n<td>Mekanisk<\/td>\n<\/tr>\n<\/tbody>\n<\/table>\n<p>Trykfaldet er m\u00e5lt ved anvendelse af alm. dieselolie.<br \/>\nSensoren kan leveres til m\u00e5ling af fuelolie op til en temperatur p\u00e5 150<sup>o<\/sup>C.<\/p>\n<p>\u00d8nsker man en pris p\u00e5 s\u00e5dan et anl\u00e6g kontakt. \u00a0<a href=\"mailto:info@ph-maskinfabrik.dk\">info@ph-maskinfabrik.dk<\/a><\/p>\n<\/div><div class=\"fusion-clearfix\"><\/div>\n\n\t\t\t\t\t<\/div>\n\t\t\t\t<\/div><div  class=\"fusion-layout-column fusion_builder_column fusion_builder_column_1_2 fusion-builder-column-3 fusion-one-half fusion-column-last 1_2\"  style='margin-top:0px;margin-bottom:0px;width:48%'>\n\t\t\t\t\t<div class=\"fusion-column-wrapper\" style=\"padding: 0px 2% 0px 2%;background-position:left top;background-repeat:no-repeat;-webkit-background-size:cover;-moz-background-size:cover;-o-background-size:cover;background-size:cover;\"   data-bg-url=\"\">\n\t\t\t\t\t\t<div class=\"imageframe-align-center\"><span class=\"fusion-imageframe imageframe-none imageframe-1 hover-type-none\"><a class=\"fusion-no-lightbox\" href=\"https:\/\/phmaskinfabrik.dk\/?page_id=1053\" target=\"_self\" aria-label=\"a sensor 001\"><img loading=\"lazy\" decoding=\"async\" src=\"https:\/\/phmaskinfabrik.dk\/wp-content\/uploads\/2019\/02\/a-sensor-001-225x300.jpg\" width=\"225\" height=\"300\" alt=\"\" class=\"img-responsive wp-image-1041\" srcset=\"https:\/\/phmaskinfabrik.dk\/wp-content\/uploads\/2019\/02\/a-sensor-001-200x267.jpg 200w, https:\/\/phmaskinfabrik.dk\/wp-content\/uploads\/2019\/02\/a-sensor-001-400x533.jpg 400w, https:\/\/phmaskinfabrik.dk\/wp-content\/uploads\/2019\/02\/a-sensor-001-600x800.jpg 600w, https:\/\/phmaskinfabrik.dk\/wp-content\/uploads\/2019\/02\/a-sensor-001-800x1067.jpg 800w, https:\/\/phmaskinfabrik.dk\/wp-content\/uploads\/2019\/02\/a-sensor-001-1200x1600.jpg 1200w, https:\/\/phmaskinfabrik.dk\/wp-content\/uploads\/2019\/02\/a-sensor-001.jpg 1536w\" sizes=\"auto, (max-width: 1100px) 100vw, 600px\" \/><\/a><\/span><\/div><div class=\"fusion-clearfix\"><\/div>\n\n\t\t\t\t\t<\/div>\n\t\t\t\t<\/div><div  class=\"fusion-layout-column fusion_builder_column fusion_builder_column_1_1 fusion-builder-column-4 fusion-one-full fusion-column-first fusion-column-last 1_1\"  style='margin-top:0px;margin-bottom:0px;'>\n\t\t\t\t\t<div class=\"fusion-column-wrapper\" style=\"padding: 0px 0px 0px 0px;background-position:left top;background-repeat:no-repeat;-webkit-background-size:cover;-moz-background-size:cover;-o-background-size:cover;background-size:cover;\"   data-bg-url=\"\">\n\t\t\t\t\t\t<div class=\"fusion-sep-clear\"><\/div><div class=\"fusion-separator fusion-full-width-sep sep-none\" style=\"margin-left: auto;margin-right: auto;margin-top:50px;\"><\/div><div class=\"fusion-section-separator section-separator triangle\" style=\"border-bottom:1px solid #2a2e38;margin-left:-0px;margin-right:-0px;\"><div class=\"divider-candy-arrow bottom\" style=\"top:0px;border-top-color: #83888c;\"><\/div><div class=\"divider-candy bottom\" style=\"bottom:-21px;border-bottom:1px solid #2a2e38;border-left:1px solid #2a2e38;\"><\/div><\/div><div class=\"fusion-clearfix\"><\/div>\n\n\t\t\t\t\t<\/div>\n\t\t\t\t<\/div><\/div><\/div><div class=\"fusion-fullwidth fullwidth-box nonhundred-percent-fullwidth non-hundred-percent-height-scrolling\"  style='background-color: #ebeced;background-position: left top;background-repeat: no-repeat;padding-top:5%;padding-right:0px;padding-bottom:5%;padding-left:0px;border-top-width:0px;border-bottom-width:0px;border-color:rgba(255,255,255,0);border-top-style:solid;border-bottom-style:solid;'><div class=\"fusion-builder-row fusion-row \"><div  class=\"fusion-layout-column fusion_builder_column fusion_builder_column_1_6 fusion-builder-column-5 fusion-one-sixth fusion-column-first fusion-no-small-visibility 1_6\"  style='margin-top:0px;margin-bottom:0px;width:13.3333%; margin-right: 4%;'>\n\t\t\t\t\t<div class=\"fusion-column-wrapper\" style=\"padding: 0px 0px 0px 0px;background-position:left top;background-repeat:no-repeat;-webkit-background-size:cover;-moz-background-size:cover;-o-background-size:cover;background-size:cover;\"   data-bg-url=\"\">\n\t\t\t\t\t\t<div class=\"fusion-clearfix\"><\/div>\n\n\t\t\t\t\t<\/div>\n\t\t\t\t<\/div><div  class=\"fusion-layout-column fusion_builder_column fusion_builder_column_2_3 fusion-builder-column-6 fusion-two-third 2_3\"  style='margin-top:60px;margin-bottom:30px;width:65.3333%; margin-right: 4%;'>\n\t\t\t\t\t<div class=\"fusion-column-wrapper\" style=\"padding: 0px 0px 0px 0px;background-position:left top;background-repeat:no-repeat;-webkit-background-size:cover;-moz-background-size:cover;-o-background-size:cover;background-size:cover;\"   data-bg-url=\"\">\n\t\t\t\t\t\t<div class=\"fusion-text\"><p>Kontakt os uforpligtende<\/p>\n<\/div><div class=\"fusion-text\"><p>og fort\u00e6l os mere om jeres projekt<\/p>\n<\/div><div class=\"fusion-sep-clear\"><\/div><div class=\"fusion-separator sep-single sep-solid\" style=\"border-color:#b9bfcc;border-top-width:1px;margin-left: auto;margin-right: auto;margin-top:0px;margin-bottom:50px;width:100%;max-width:130px;\"><\/div><div class=\"fusion-clearfix\"><\/div>\n\n\t\t\t\t\t<\/div>\n\t\t\t\t<\/div><div  class=\"fusion-layout-column fusion_builder_column fusion_builder_column_1_6 fusion-builder-column-7 fusion-one-sixth fusion-column-last fusion-no-small-visibility 1_6\"  style='margin-top:0px;margin-bottom:0px;width:13.3333%'>\n\t\t\t\t\t<div class=\"fusion-column-wrapper\" style=\"padding: 0px 0px 0px 0px;background-position:left top;background-repeat:no-repeat;-webkit-background-size:cover;-moz-background-size:cover;-o-background-size:cover;background-size:cover;\"   data-bg-url=\"\">\n\t\t\t\t\t\t<div class=\"fusion-clearfix\"><\/div>\n\n\t\t\t\t\t<\/div>\n\t\t\t\t<\/div><div  class=\"fusion-layout-column fusion_builder_column fusion_builder_column_1_4 fusion-builder-column-8 fusion-one-fourth fusion-column-first fusion-no-small-visibility 1_4\"  style='margin-top:0px;margin-bottom:0px;width:22%; margin-right: 4%;'>\n\t\t\t\t\t<div class=\"fusion-column-wrapper\" style=\"padding: 0px 0px 0px 0px;background-position:left top;background-repeat:no-repeat;-webkit-background-size:cover;-moz-background-size:cover;-o-background-size:cover;background-size:cover;\"   data-bg-url=\"\">\n\t\t\t\t\t\t<div class=\"fusion-clearfix\"><\/div>\n\n\t\t\t\t\t<\/div>\n\t\t\t\t<\/div><div  class=\"fusion-layout-column fusion_builder_column fusion_builder_column_1_2 fusion-builder-column-9 fusion-one-half light-contact-form 1_2\"  style='margin-top:2%;margin-bottom:50px;width:48%; margin-right: 4%;'>\n\t\t\t\t\t<div class=\"fusion-column-wrapper\" style=\"padding: 0px 0px 0px 0px;background-position:left top;background-repeat:no-repeat;-webkit-background-size:cover;-moz-background-size:cover;-o-background-size:cover;background-size:cover;\"   data-bg-url=\"\">\n\t\t\t\t\t\t<div role=\"form\" class=\"wpcf7\" id=\"wpcf7-f1098-o1\" lang=\"da-DK\" dir=\"ltr\">\n<div class=\"screen-reader-response\" aria-live=\"polite\"><\/div>\n<form action=\"\/index.php?rest_route=%2Fwp%2Fv2%2Fpages%2F1350#wpcf7-f1098-o1\" method=\"post\" class=\"wpcf7-form\" novalidate=\"novalidate\">\n<div style=\"display: none;\">\n<input type=\"hidden\" name=\"_wpcf7\" value=\"1098\" \/>\n<input type=\"hidden\" name=\"_wpcf7_version\" value=\"5.1.9\" \/>\n<input type=\"hidden\" name=\"_wpcf7_locale\" value=\"da_DK\" \/>\n<input type=\"hidden\" name=\"_wpcf7_unit_tag\" value=\"wpcf7-f1098-o1\" \/>\n<input type=\"hidden\" name=\"_wpcf7_container_post\" value=\"0\" \/>\n<input type=\"hidden\" name=\"g-recaptcha-response\" value=\"\" \/>\n<\/div>\n<p><label> Dit navn (skal udfyldes)<br \/>\n    <span class=\"wpcf7-form-control-wrap your-name\"><input type=\"text\" name=\"your-name\" value=\"\" size=\"40\" class=\"wpcf7-form-control wpcf7-text wpcf7-validates-as-required\" aria-required=\"true\" aria-invalid=\"false\" \/><\/span> <\/label><\/p>\n<p><label> Din e-mail (skal udfyldes)<br \/>\n    <span class=\"wpcf7-form-control-wrap your-email\"><input type=\"email\" name=\"your-email\" value=\"\" size=\"40\" class=\"wpcf7-form-control wpcf7-text wpcf7-email wpcf7-validates-as-required wpcf7-validates-as-email\" aria-required=\"true\" aria-invalid=\"false\" \/><\/span> <\/label><\/p>\n<p><label> Emne<br \/>\n    <span class=\"wpcf7-form-control-wrap your-subject\"><input type=\"text\" name=\"your-subject\" value=\"\" size=\"40\" class=\"wpcf7-form-control wpcf7-text wpcf7-validates-as-required\" aria-required=\"true\" aria-invalid=\"false\" \/><\/span> <\/label><\/p>\n<p><label> Din besked<br \/>\n    <span class=\"wpcf7-form-control-wrap your-message\"><textarea name=\"your-message\" cols=\"40\" rows=\"10\" class=\"wpcf7-form-control wpcf7-textarea wpcf7-validates-as-required\" aria-required=\"true\" aria-invalid=\"false\"><\/textarea><\/span> <\/label><\/p>\n<p><input type=\"submit\" value=\"Indsend\" class=\"wpcf7-form-control wpcf7-submit\" \/><\/p>\n<div class=\"wpcf7-response-output wpcf7-display-none\" aria-hidden=\"true\"><\/div><\/form><\/div><div class=\"fusion-clearfix\"><\/div>\n\n\t\t\t\t\t<\/div>\n\t\t\t\t<\/div><div  class=\"fusion-layout-column fusion_builder_column fusion_builder_column_1_4 fusion-builder-column-10 fusion-one-fourth fusion-column-last fusion-no-small-visibility 1_4\"  style='margin-top:0px;margin-bottom:0px;width:22%'>\n\t\t\t\t\t<div class=\"fusion-column-wrapper\" style=\"padding: 0px 0px 0px 0px;background-position:left top;background-repeat:no-repeat;-webkit-background-size:cover;-moz-background-size:cover;-o-background-size:cover;background-size:cover;\"   data-bg-url=\"\">\n\t\t\t\t\t\t<div class=\"fusion-clearfix\"><\/div>\n\n\t\t\t\t\t<\/div>\n\t\t\t\t<\/div><\/div><\/div><\/p>\n","protected":false},"excerpt":{"rendered":"","protected":false},"author":1,"featured_media":0,"parent":0,"menu_order":0,"comment_status":"closed","ping_status":"closed","template":"","meta":{"footnotes":""},"class_list":["post-1350","page","type-page","status-publish","hentry"],"_links":{"self":[{"href":"https:\/\/phmaskinfabrik.dk\/index.php?rest_route=\/wp\/v2\/pages\/1350","targetHints":{"allow":["GET"]}}],"collection":[{"href":"https:\/\/phmaskinfabrik.dk\/index.php?rest_route=\/wp\/v2\/pages"}],"about":[{"href":"https:\/\/phmaskinfabrik.dk\/index.php?rest_route=\/wp\/v2\/types\/page"}],"author":[{"embeddable":true,"href":"https:\/\/phmaskinfabrik.dk\/index.php?rest_route=\/wp\/v2\/users\/1"}],"replies":[{"embeddable":true,"href":"https:\/\/phmaskinfabrik.dk\/index.php?rest_route=%2Fwp%2Fv2%2Fcomments&post=1350"}],"version-history":[{"count":11,"href":"https:\/\/phmaskinfabrik.dk\/index.php?rest_route=\/wp\/v2\/pages\/1350\/revisions"}],"predecessor-version":[{"id":1633,"href":"https:\/\/phmaskinfabrik.dk\/index.php?rest_route=\/wp\/v2\/pages\/1350\/revisions\/1633"}],"wp:attachment":[{"href":"https:\/\/phmaskinfabrik.dk\/index.php?rest_route=%2Fwp%2Fv2%2Fmedia&parent=1350"}],"curies":[{"name":"wp","href":"https:\/\/api.w.org\/{rel}","templated":true}]}}